{"id":5128,"date":"2023-07-04T16:29:16","date_gmt":"2023-07-04T16:29:16","guid":{"rendered":"https:\/\/www.296iates.com\/product\/sunset-na-ilha-do-faial\/"},"modified":"2023-07-11T10:47:21","modified_gmt":"2023-07-11T10:47:21","slug":"sunset-na-ilha-do-faial","status":"publish","type":"product","link":"https:\/\/296iates.com\/fr\/produit\/sunset-na-ilha-do-faial\/","title":{"rendered":"Coucher du Soleil sur l&#8217;\u00eele de Faial"},"content":{"rendered":"","protected":false},"excerpt":{"rendered":"<div class=\"column\">\n<p style=\"font-weight: 400\">18 h &#8211; Arriv\u00e9e \u00e0 Marina da Horta<\/p>\n<p style=\"font-weight: 400\">18:15 &#8211; Voyage le long de la c\u00f4te de l\u2019\u00eele de Faial<\/p>\n<p style=\"font-weight: 400\">19:00 &#8211; Arr\u00eat pour observer le coucher de soleil (de pr\u00e9f\u00e9rence le volcan Capelinhos) avec d\u00e9gustation de produits r\u00e9gionaux.<\/p>\n<p style=\"font-weight: 400\">19:30 &#8211; Retour au port de Horta<\/p>\n<p style=\"font-weight: 400\">20 h 30 \u2013 D\u00e9part de Marina da Horta<\/p>\n<p style=\"font-weight: 400\">Minimum de 6 passagers<\/p>\n<p style=\"font-weight: 400\">Pax suppl\u00e9mentaire &#8211; 100 \u20ac \/pax. (jusqu\u2019\u00e0 un maximum de 10 pax)<\/p>\n<p style=\"font-weight: 400\">Horaire pour les mois de mai, ao\u00fbt et septembre. Dans les mois de juin et juillet, l\u2019enregistrement est \u00e0 19:00.<\/p>\n<p><strong>TVA incluse au taux l\u00e9gal.<\/strong><\/p>\n<\/div>\n","protected":false},"featured_media":5292,"template":"","meta":[],"product_cat":[107],"product_tag":[],"product_activities":[],"acf":[],"yoast_head":"<!-- This site is optimized with the Yoast SEO plugin v20.3 - https:\/\/yoast.com\/wordpress\/plugins\/seo\/ -->\n<title>Coucher du Soleil sur l&#039;\u00eele de Faial - 296 Iates - Aluguer de barcos tripulados em Faial, A\u00e7ores<\/title>\n<meta name=\"robots\" content=\"index, follow, max-snippet:-1, max-image-preview:large, max-video-preview:-1\" \/>\n<link rel=\"canonical\" href=\"https:\/\/296iates.com\/fr\/produit\/sunset-na-ilha-do-faial\/\" \/>\n<meta property=\"og:locale\" content=\"fr_FR\" \/>\n<meta property=\"og:type\" content=\"article\" \/>\n<meta property=\"og:title\" content=\"Coucher du Soleil sur l&#039;\u00eele de Faial - 296 Iates - Aluguer de barcos tripulados em Faial, A\u00e7ores\" \/>\n<meta property=\"og:description\" content=\"18 h - Arriv\u00e9e \u00e0 Marina da Horta 18:15 - Voyage le long de la c\u00f4te de l\u2019\u00eele de Faial 19:00 - Arr\u00eat pour observer le coucher de soleil (de pr\u00e9f\u00e9rence le volcan Capelinhos) avec d\u00e9gustation de produits r\u00e9gionaux. 19:30 - Retour au port de Horta 20 h 30 \u2013 D\u00e9part de Marina da Horta Minimum de 6 passagers Pax suppl\u00e9mentaire - 100 \u20ac \/pax. (jusqu\u2019\u00e0 un maximum de 10 pax) Horaire pour les mois de mai, ao\u00fbt et septembre. Dans les mois de juin et juillet, l\u2019enregistrement est \u00e0 19:00. TVA incluse au taux l\u00e9gal.\" \/>\n<meta property=\"og:url\" content=\"https:\/\/296iates.com\/fr\/produit\/sunset-na-ilha-do-faial\/\" \/>\n<meta property=\"og:site_name\" content=\"296 Iates - Aluguer de barcos tripulados em Faial, A\u00e7ores\" \/>\n<meta property=\"article:modified_time\" content=\"2023-07-11T10:47:21+00:00\" \/>\n<meta property=\"og:image\" content=\"https:\/\/296iates.com\/wp-content\/uploads\/2023\/06\/dji-0100-scaled.jpg\" \/>\n\t<meta property=\"og:image:width\" content=\"2560\" \/>\n\t<meta property=\"og:image:height\" content=\"1438\" \/>\n\t<meta property=\"og:image:type\" content=\"image\/jpeg\" \/>\n<meta name=\"twitter:card\" content=\"summary_large_image\" \/>\n<script type=\"application\/ld+json\" class=\"yoast-schema-graph\">{\"@context\":\"https:\/\/schema.org\",\"@graph\":[{\"@type\":\"WebPage\",\"@id\":\"https:\/\/296iates.com\/fr\/produit\/sunset-na-ilha-do-faial\/\",\"url\":\"https:\/\/296iates.com\/fr\/produit\/sunset-na-ilha-do-faial\/\",\"name\":\"Coucher du Soleil sur l'\u00eele de Faial - 296 Iates - Aluguer de barcos tripulados em Faial, A\u00e7ores\",\"isPartOf\":{\"@id\":\"https:\/\/296iates.com\/#website\"},\"datePublished\":\"2023-07-04T16:29:16+00:00\",\"dateModified\":\"2023-07-11T10:47:21+00:00\",\"breadcrumb\":{\"@id\":\"https:\/\/296iates.com\/fr\/produit\/sunset-na-ilha-do-faial\/#breadcrumb\"},\"inLanguage\":\"fr-FR\",\"potentialAction\":[{\"@type\":\"ReadAction\",\"target\":[\"https:\/\/296iates.com\/fr\/produit\/sunset-na-ilha-do-faial\/\"]}]},{\"@type\":\"BreadcrumbList\",\"@id\":\"https:\/\/296iates.com\/fr\/produit\/sunset-na-ilha-do-faial\/#breadcrumb\",\"itemListElement\":[{\"@type\":\"ListItem\",\"position\":1,\"name\":\"Home\",\"item\":\"https:\/\/296iates.com\/fr\/\"},{\"@type\":\"ListItem\",\"position\":2,\"name\":\"Coucher du Soleil sur l&#8217;\u00eele de Faial\"}]},{\"@type\":\"WebSite\",\"@id\":\"https:\/\/296iates.com\/#website\",\"url\":\"https:\/\/296iates.com\/\",\"name\":\"296 Iates - Aluguer de barcos tripulados em Faial, A\u00e7ores\",\"description\":\"Location de bateaux avec \u00e9quipage, possibilit\u00e9 de louer du mat\u00e9riel de plong\u00e9e et autres services li\u00e9s au tourisme.\",\"potentialAction\":[{\"@type\":\"SearchAction\",\"target\":{\"@type\":\"EntryPoint\",\"urlTemplate\":\"https:\/\/296iates.com\/?s={search_term_string}\"},\"query-input\":\"required name=search_term_string\"}],\"inLanguage\":\"fr-FR\"}]}<\/script>\n<!-- \/ Yoast SEO plugin. -->","yoast_head_json":{"title":"Coucher du Soleil sur l'\u00eele de Faial - 296 Iates - Aluguer de barcos tripulados em Faial, A\u00e7ores","robots":{"index":"index","follow":"follow","max-snippet":"max-snippet:-1","max-image-preview":"max-image-preview:large","max-video-preview":"max-video-preview:-1"},"canonical":"https:\/\/296iates.com\/fr\/produit\/sunset-na-ilha-do-faial\/","og_locale":"fr_FR","og_type":"article","og_title":"Coucher du Soleil sur l'\u00eele de Faial - 296 Iates - Aluguer de barcos tripulados em Faial, A\u00e7ores","og_description":"18 h - Arriv\u00e9e \u00e0 Marina da Horta 18:15 - Voyage le long de la c\u00f4te de l\u2019\u00eele de Faial 19:00 - Arr\u00eat pour observer le coucher de soleil (de pr\u00e9f\u00e9rence le volcan Capelinhos) avec d\u00e9gustation de produits r\u00e9gionaux. 19:30 - Retour au port de Horta 20 h 30 \u2013 D\u00e9part de Marina da Horta Minimum de 6 passagers Pax suppl\u00e9mentaire - 100 \u20ac \/pax. (jusqu\u2019\u00e0 un maximum de 10 pax) Horaire pour les mois de mai, ao\u00fbt et septembre. Dans les mois de juin et juillet, l\u2019enregistrement est \u00e0 19:00. TVA incluse au taux l\u00e9gal.","og_url":"https:\/\/296iates.com\/fr\/produit\/sunset-na-ilha-do-faial\/","og_site_name":"296 Iates - Aluguer de barcos tripulados em Faial, A\u00e7ores","article_modified_time":"2023-07-11T10:47:21+00:00","og_image":[{"width":2560,"height":1438,"url":"https:\/\/296iates.com\/wp-content\/uploads\/2023\/06\/dji-0100-scaled.jpg","type":"image\/jpeg"}],"twitter_card":"summary_large_image","schema":{"@context":"https:\/\/schema.org","@graph":[{"@type":"WebPage","@id":"https:\/\/296iates.com\/fr\/produit\/sunset-na-ilha-do-faial\/","url":"https:\/\/296iates.com\/fr\/produit\/sunset-na-ilha-do-faial\/","name":"Coucher du Soleil sur l'\u00eele de Faial - 296 Iates - Aluguer de barcos tripulados em Faial, A\u00e7ores","isPartOf":{"@id":"https:\/\/296iates.com\/#website"},"datePublished":"2023-07-04T16:29:16+00:00","dateModified":"2023-07-11T10:47:21+00:00","breadcrumb":{"@id":"https:\/\/296iates.com\/fr\/produit\/sunset-na-ilha-do-faial\/#breadcrumb"},"inLanguage":"fr-FR","potentialAction":[{"@type":"ReadAction","target":["https:\/\/296iates.com\/fr\/produit\/sunset-na-ilha-do-faial\/"]}]},{"@type":"BreadcrumbList","@id":"https:\/\/296iates.com\/fr\/produit\/sunset-na-ilha-do-faial\/#breadcrumb","itemListElement":[{"@type":"ListItem","position":1,"name":"Home","item":"https:\/\/296iates.com\/fr\/"},{"@type":"ListItem","position":2,"name":"Coucher du Soleil sur l&#8217;\u00eele de Faial"}]},{"@type":"WebSite","@id":"https:\/\/296iates.com\/#website","url":"https:\/\/296iates.com\/","name":"296 Iates - Aluguer de barcos tripulados em Faial, A\u00e7ores","description":"Location de bateaux avec \u00e9quipage, possibilit\u00e9 de louer du mat\u00e9riel de plong\u00e9e et autres services li\u00e9s au tourisme.","potentialAction":[{"@type":"SearchAction","target":{"@type":"EntryPoint","urlTemplate":"https:\/\/296iates.com\/?s={search_term_string}"},"query-input":"required name=search_term_string"}],"inLanguage":"fr-FR"}]}},"_links":{"self":[{"href":"https:\/\/296iates.com\/fr\/wp-json\/wp\/v2\/product\/5128"}],"collection":[{"href":"https:\/\/296iates.com\/fr\/wp-json\/wp\/v2\/product"}],"about":[{"href":"https:\/\/296iates.com\/fr\/wp-json\/wp\/v2\/types\/product"}],"wp:featuredmedia":[{"embeddable":true,"href":"https:\/\/296iates.com\/fr\/wp-json\/wp\/v2\/media\/5292"}],"wp:attachment":[{"href":"https:\/\/296iates.com\/fr\/wp-json\/wp\/v2\/media?parent=5128"}],"wp:term":[{"taxonomy":"product_cat","embeddable":true,"href":"https:\/\/296iates.com\/fr\/wp-json\/wp\/v2\/product_cat?post=5128"},{"taxonomy":"product_tag","embeddable":true,"href":"https:\/\/296iates.com\/fr\/wp-json\/wp\/v2\/product_tag?post=5128"},{"taxonomy":"product_activities","embeddable":true,"href":"https:\/\/296iates.com\/fr\/wp-json\/wp\/v2\/product_activities?post=5128"}],"curies":[{"name":"wp","href":"https:\/\/api.w.org\/{rel}","templated":true}]}}