{"id":1756,"date":"2023-02-28T10:31:22","date_gmt":"2023-02-28T10:31:22","guid":{"rendered":"https:\/\/www.296iates.com\/panier\/"},"modified":"2023-06-28T10:13:42","modified_gmt":"2023-06-28T10:13:42","slug":"panier","status":"publish","type":"page","link":"https:\/\/296iates.com\/fr\/panier\/","title":{"rendered":"Panier"},"content":{"rendered":"\n","protected":false},"excerpt":{"rendered":"","protected":false},"author":1,"featured_media":0,"parent":0,"menu_order":0,"comment_status":"closed","ping_status":"closed","template":"","meta":[],"acf":[],"yoast_head":"<!-- This site is optimized with the Yoast SEO plugin v20.3 - https:\/\/yoast.com\/wordpress\/plugins\/seo\/ -->\n<title>Panier | 296 Iates - Location de Bateaux aux A\u00e7ores<\/title>\n<meta name=\"description\" content=\"Ajoutez \u00e0 votre panier toutes les activit\u00e9s que vous souhaitez faire le plus. Chez 296-Iates, nous vous garantissons beaucoup de plaisir.\" \/>\n<meta name=\"robots\" content=\"index, follow, max-snippet:-1, max-image-preview:large, max-video-preview:-1\" \/>\n<link rel=\"canonical\" href=\"https:\/\/296iates.com\/fr\/panier\/\" \/>\n<meta property=\"og:locale\" content=\"fr_FR\" \/>\n<meta property=\"og:type\" content=\"article\" \/>\n<meta property=\"og:title\" content=\"Panier | 296 Iates - Location de Bateaux aux A\u00e7ores\" \/>\n<meta property=\"og:description\" content=\"Ajoutez \u00e0 votre panier toutes les activit\u00e9s que vous souhaitez faire le plus. Chez 296-Iates, nous vous garantissons beaucoup de plaisir.\" \/>\n<meta property=\"og:url\" content=\"https:\/\/296iates.com\/fr\/panier\/\" \/>\n<meta property=\"og:site_name\" content=\"296 Iates - Aluguer de barcos tripulados em Faial, A\u00e7ores\" \/>\n<meta property=\"article:modified_time\" content=\"2023-06-28T10:13:42+00:00\" \/>\n<meta name=\"twitter:card\" content=\"summary_large_image\" \/>\n<meta name=\"twitter:label1\" content=\"Dur\u00e9e de lecture estim\u00e9e\" \/>\n\t<meta name=\"twitter:data1\" content=\"1 minute\" \/>\n<script type=\"application\/ld+json\" class=\"yoast-schema-graph\">{\"@context\":\"https:\/\/schema.org\",\"@graph\":[{\"@type\":\"WebPage\",\"@id\":\"https:\/\/296iates.com\/fr\/panier\/\",\"url\":\"https:\/\/296iates.com\/fr\/panier\/\",\"name\":\"Panier | 296 Iates - Location de Bateaux aux A\u00e7ores\",\"isPartOf\":{\"@id\":\"https:\/\/296iates.com\/#website\"},\"datePublished\":\"2023-02-28T10:31:22+00:00\",\"dateModified\":\"2023-06-28T10:13:42+00:00\",\"description\":\"Ajoutez \u00e0 votre panier toutes les activit\u00e9s que vous souhaitez faire le plus. Chez 296-Iates, nous vous garantissons beaucoup de plaisir.\",\"breadcrumb\":{\"@id\":\"https:\/\/296iates.com\/fr\/panier\/#breadcrumb\"},\"inLanguage\":\"fr-FR\",\"potentialAction\":[{\"@type\":\"ReadAction\",\"target\":[\"https:\/\/296iates.com\/fr\/panier\/\"]}]},{\"@type\":\"BreadcrumbList\",\"@id\":\"https:\/\/296iates.com\/fr\/panier\/#breadcrumb\",\"itemListElement\":[{\"@type\":\"ListItem\",\"position\":1,\"name\":\"Home\",\"item\":\"https:\/\/296iates.com\/fr\/\"},{\"@type\":\"ListItem\",\"position\":2,\"name\":\"Panier\"}]},{\"@type\":\"WebSite\",\"@id\":\"https:\/\/296iates.com\/#website\",\"url\":\"https:\/\/296iates.com\/\",\"name\":\"296 Iates - Aluguer de barcos tripulados em Faial, A\u00e7ores\",\"description\":\"Location de bateaux avec \u00e9quipage, possibilit\u00e9 de louer du mat\u00e9riel de plong\u00e9e et autres services li\u00e9s au tourisme.\",\"potentialAction\":[{\"@type\":\"SearchAction\",\"target\":{\"@type\":\"EntryPoint\",\"urlTemplate\":\"https:\/\/296iates.com\/?s={search_term_string}\"},\"query-input\":\"required name=search_term_string\"}],\"inLanguage\":\"fr-FR\"}]}<\/script>\n<!-- \/ Yoast SEO plugin. -->","yoast_head_json":{"title":"Panier | 296 Iates - Location de Bateaux aux A\u00e7ores","description":"Ajoutez \u00e0 votre panier toutes les activit\u00e9s que vous souhaitez faire le plus. Chez 296-Iates, nous vous garantissons beaucoup de plaisir.","robots":{"index":"index","follow":"follow","max-snippet":"max-snippet:-1","max-image-preview":"max-image-preview:large","max-video-preview":"max-video-preview:-1"},"canonical":"https:\/\/296iates.com\/fr\/panier\/","og_locale":"fr_FR","og_type":"article","og_title":"Panier | 296 Iates - Location de Bateaux aux A\u00e7ores","og_description":"Ajoutez \u00e0 votre panier toutes les activit\u00e9s que vous souhaitez faire le plus. Chez 296-Iates, nous vous garantissons beaucoup de plaisir.","og_url":"https:\/\/296iates.com\/fr\/panier\/","og_site_name":"296 Iates - Aluguer de barcos tripulados em Faial, A\u00e7ores","article_modified_time":"2023-06-28T10:13:42+00:00","twitter_card":"summary_large_image","twitter_misc":{"Dur\u00e9e de lecture estim\u00e9e":"1 minute"},"schema":{"@context":"https:\/\/schema.org","@graph":[{"@type":"WebPage","@id":"https:\/\/296iates.com\/fr\/panier\/","url":"https:\/\/296iates.com\/fr\/panier\/","name":"Panier | 296 Iates - Location de Bateaux aux A\u00e7ores","isPartOf":{"@id":"https:\/\/296iates.com\/#website"},"datePublished":"2023-02-28T10:31:22+00:00","dateModified":"2023-06-28T10:13:42+00:00","description":"Ajoutez \u00e0 votre panier toutes les activit\u00e9s que vous souhaitez faire le plus. Chez 296-Iates, nous vous garantissons beaucoup de plaisir.","breadcrumb":{"@id":"https:\/\/296iates.com\/fr\/panier\/#breadcrumb"},"inLanguage":"fr-FR","potentialAction":[{"@type":"ReadAction","target":["https:\/\/296iates.com\/fr\/panier\/"]}]},{"@type":"BreadcrumbList","@id":"https:\/\/296iates.com\/fr\/panier\/#breadcrumb","itemListElement":[{"@type":"ListItem","position":1,"name":"Home","item":"https:\/\/296iates.com\/fr\/"},{"@type":"ListItem","position":2,"name":"Panier"}]},{"@type":"WebSite","@id":"https:\/\/296iates.com\/#website","url":"https:\/\/296iates.com\/","name":"296 Iates - Aluguer de barcos tripulados em Faial, A\u00e7ores","description":"Location de bateaux avec \u00e9quipage, possibilit\u00e9 de louer du mat\u00e9riel de plong\u00e9e et autres services li\u00e9s au tourisme.","potentialAction":[{"@type":"SearchAction","target":{"@type":"EntryPoint","urlTemplate":"https:\/\/296iates.com\/?s={search_term_string}"},"query-input":"required name=search_term_string"}],"inLanguage":"fr-FR"}]}},"_links":{"self":[{"href":"https:\/\/296iates.com\/fr\/wp-json\/wp\/v2\/pages\/1756"}],"collection":[{"href":"https:\/\/296iates.com\/fr\/wp-json\/wp\/v2\/pages"}],"about":[{"href":"https:\/\/296iates.com\/fr\/wp-json\/wp\/v2\/types\/page"}],"author":[{"embeddable":true,"href":"https:\/\/296iates.com\/fr\/wp-json\/wp\/v2\/users\/1"}],"replies":[{"embeddable":true,"href":"https:\/\/296iates.com\/fr\/wp-json\/wp\/v2\/comments?post=1756"}],"version-history":[{"count":1,"href":"https:\/\/296iates.com\/fr\/wp-json\/wp\/v2\/pages\/1756\/revisions"}],"predecessor-version":[{"id":3328,"href":"https:\/\/296iates.com\/fr\/wp-json\/wp\/v2\/pages\/1756\/revisions\/3328"}],"wp:attachment":[{"href":"https:\/\/296iates.com\/fr\/wp-json\/wp\/v2\/media?parent=1756"}],"curies":[{"name":"wp","href":"https:\/\/api.w.org\/{rel}","templated":true}]}}